{"id":10,"date":"2023-04-27T13:33:24","date_gmt":"2023-04-27T11:33:24","guid":{"rendered":"https:\/\/diplomatis.fr\/?page_id=10"},"modified":"2024-09-04T20:56:28","modified_gmt":"2024-09-04T18:56:28","slug":"a-propos","status":"publish","type":"page","link":"https:\/\/diplomatis.fr\/?page_id=10","title":{"rendered":"A propos"},"content":{"rendered":"\t\t<div data-elementor-type=\"wp-page\" data-elementor-id=\"10\" class=\"elementor elementor-10\">\n\t\t\t\t\t\t<section class=\"elementor-section elementor-top-section elementor-element elementor-element-2e7fba6 elementor-section-boxed elementor-section-height-default elementor-section-height-default\" data-id=\"2e7fba6\" data-element_type=\"section\" data-e-type=\"section\">\n\t\t\t\t\t\t<div class=\"elementor-container elementor-column-gap-default\">\n\t\t\t\t\t<div class=\"elementor-column elementor-col-100 elementor-top-column elementor-element elementor-element-8a7e31a\" data-id=\"8a7e31a\" data-element_type=\"column\" data-e-type=\"column\">\n\t\t\t<div class=\"elementor-widget-wrap elementor-element-populated\">\n\t\t\t\t\t\t<div class=\"elementor-element elementor-element-15c43c5 elementor-widget elementor-widget-image\" data-id=\"15c43c5\" data-element_type=\"widget\" data-e-type=\"widget\" data-widget_type=\"image.default\">\n\t\t\t\t<div class=\"elementor-widget-container\">\n\t\t\t\t\t\t\t\t\t\t\t\t\t\t\t<img fetchpriority=\"high\" decoding=\"async\" width=\"950\" height=\"470\" src=\"https:\/\/diplomatis.fr\/wp-content\/uploads\/2023\/08\/earth-3866609_1920-1024x507.jpg\" class=\"attachment-large size-large wp-image-123\" alt=\"\" srcset=\"https:\/\/diplomatis.fr\/wp-content\/uploads\/2023\/08\/earth-3866609_1920-1024x507.jpg 1024w, https:\/\/diplomatis.fr\/wp-content\/uploads\/2023\/08\/earth-3866609_1920-300x148.jpg 300w, https:\/\/diplomatis.fr\/wp-content\/uploads\/2023\/08\/earth-3866609_1920-768x380.jpg 768w, https:\/\/diplomatis.fr\/wp-content\/uploads\/2023\/08\/earth-3866609_1920-1536x760.jpg 1536w, https:\/\/diplomatis.fr\/wp-content\/uploads\/2023\/08\/earth-3866609_1920.jpg 1920w\" sizes=\"100vw\" \/>\t\t\t\t\t\t\t\t\t\t\t\t\t\t\t<\/div>\n\t\t\t\t<\/div>\n\t\t\t\t\t<\/div>\n\t\t<\/div>\n\t\t\t\t\t<\/div>\n\t\t<\/section>\n\t\t\t\t<section class=\"elementor-section elementor-top-section elementor-element elementor-element-4a96fe3 elementor-section-boxed elementor-section-height-default elementor-section-height-default\" data-id=\"4a96fe3\" data-element_type=\"section\" data-e-type=\"section\">\n\t\t\t\t\t\t<div class=\"elementor-container elementor-column-gap-default\">\n\t\t\t\t\t<div class=\"elementor-column elementor-col-100 elementor-top-column elementor-element elementor-element-e8b840f\" data-id=\"e8b840f\" data-element_type=\"column\" data-e-type=\"column\">\n\t\t\t<div class=\"elementor-widget-wrap elementor-element-populated\">\n\t\t\t\t\t\t<div class=\"elementor-element elementor-element-2790df7 elementor-widget elementor-widget-text-editor\" data-id=\"2790df7\" data-element_type=\"widget\" data-e-type=\"widget\" data-widget_type=\"text-editor.default\">\n\t\t\t\t<div class=\"elementor-widget-container\">\n\t\t\t\t\t\t\t\t\t<p>La cr\u00e9ation de Diplomatis prend sa source dans la volont\u00e9 de mieux comprendre le monde. Notre objectif est de proposer des analyses, ainsi que des propositions, sur les relations internationales. Ces derni\u00e8res incluant une kyrielle d&rsquo;acteurs dont les enjeux peuvent s&rsquo;affronter, ou converger, sur des espaces g\u00e9ographiques divers.<\/p><p>Par cela, au travers des diverses d\u00e9clinaisons spatiales existantes, Diplomatis traite de la g\u00e9opolitique, de la d\u00e9fense, de l&rsquo;\u00e9conomie.<\/p><p>Afin de remplir cet objectif, Diplomatis souhaite r\u00e9pondre aux deux exigences suivantes :<\/p><p>&#8211; L&rsquo;ind\u00e9pendance : Etre ind\u00e9pendant permet de ne pas subir une quelconque forme de lobbying qui se traduirait par une restitution d&rsquo;\u00e9l\u00e9ments de langage, dont la r\u00e9sultante m\u00e8nerait \u00e0 une falsification de nos valeurs.<\/p><p>&#8211; Le pragmatisme : l&rsquo;\u00e9tude des relations internationales ne peut s&rsquo;effectuer sans \u00eatre proche des faits, o\u00f9 la neutralit\u00e9 est de rigueur.<\/p>\t\t\t\t\t\t\t\t<\/div>\n\t\t\t\t<\/div>\n\t\t\t\t\t<\/div>\n\t\t<\/div>\n\t\t\t\t\t<\/div>\n\t\t<\/section>\n\t\t\t\t<\/div>\n\t\t","protected":false},"excerpt":{"rendered":"<p>La cr\u00e9ation de Diplomatis prend sa source dans la volont\u00e9 de mieux comprendre le monde. Notre objectif est de proposer des analyses, ainsi que des propositions, sur les relations internationales. Ces derni\u00e8res incluant une kyrielle d&rsquo;acteurs dont les enjeux peuvent s&rsquo;affronter, ou converger, sur des espaces g\u00e9ographiques divers. Par cela, au travers des diverses d\u00e9clinaisons &hellip; <\/p>\n<p class=\"link-more\"><a href=\"https:\/\/diplomatis.fr\/?page_id=10\" class=\"more-link\">Lire la suite de<span class=\"screen-reader-text\">\u00ab\u00a0A propos\u00a0\u00bb<\/span><\/a><\/p>\n","protected":false},"author":1,"featured_media":0,"parent":0,"menu_order":0,"comment_status":"closed","ping_status":"closed","template":"","meta":{"inspiro_hide_title":false,"footnotes":""},"class_list":["post-10","page","type-page","status-publish","hentry"],"yoast_head":"<!-- This site is optimized with the Yoast SEO plugin v27.3 - https:\/\/yoast.com\/product\/yoast-seo-wordpress\/ -->\n<title>A propos - Diplomatis<\/title>\n<meta name=\"robots\" content=\"index, follow, max-snippet:-1, max-image-preview:large, max-video-preview:-1\" \/>\n<link rel=\"canonical\" href=\"https:\/\/diplomatis.fr\/?page_id=10\" \/>\n<meta property=\"og:locale\" content=\"fr_FR\" \/>\n<meta property=\"og:type\" content=\"article\" \/>\n<meta property=\"og:title\" content=\"A propos - Diplomatis\" \/>\n<meta property=\"og:description\" content=\"La cr\u00e9ation de Diplomatis prend sa source dans la volont\u00e9 de mieux comprendre le monde. Notre objectif est de proposer des analyses, ainsi que des propositions, sur les relations internationales. Ces derni\u00e8res incluant une kyrielle d&rsquo;acteurs dont les enjeux peuvent s&rsquo;affronter, ou converger, sur des espaces g\u00e9ographiques divers. Par cela, au travers des diverses d\u00e9clinaisons &hellip; Lire la suite de\u00ab\u00a0A propos\u00a0\u00bb\" \/>\n<meta property=\"og:url\" content=\"https:\/\/diplomatis.fr\/?page_id=10\" \/>\n<meta property=\"og:site_name\" content=\"Diplomatis\" \/>\n<meta property=\"article:modified_time\" content=\"2024-09-04T18:56:28+00:00\" \/>\n<meta property=\"og:image\" content=\"https:\/\/diplomatis.fr\/wp-content\/uploads\/2023\/08\/earth-3866609_1920-1024x507.jpg\" \/>\n<meta name=\"twitter:card\" content=\"summary_large_image\" \/>\n<meta name=\"twitter:label1\" content=\"Dur\u00e9e de lecture estim\u00e9e\" \/>\n\t<meta name=\"twitter:data1\" content=\"1 minute\" \/>\n<script type=\"application\/ld+json\" class=\"yoast-schema-graph\">{\"@context\":\"https:\\\/\\\/schema.org\",\"@graph\":[{\"@type\":\"WebPage\",\"@id\":\"https:\\\/\\\/diplomatis.fr\\\/?page_id=10\",\"url\":\"https:\\\/\\\/diplomatis.fr\\\/?page_id=10\",\"name\":\"A propos - Diplomatis\",\"isPartOf\":{\"@id\":\"https:\\\/\\\/diplomatis.fr\\\/#website\"},\"primaryImageOfPage\":{\"@id\":\"https:\\\/\\\/diplomatis.fr\\\/?page_id=10#primaryimage\"},\"image\":{\"@id\":\"https:\\\/\\\/diplomatis.fr\\\/?page_id=10#primaryimage\"},\"thumbnailUrl\":\"https:\\\/\\\/diplomatis.fr\\\/wp-content\\\/uploads\\\/2023\\\/08\\\/earth-3866609_1920-1024x507.jpg\",\"datePublished\":\"2023-04-27T11:33:24+00:00\",\"dateModified\":\"2024-09-04T18:56:28+00:00\",\"breadcrumb\":{\"@id\":\"https:\\\/\\\/diplomatis.fr\\\/?page_id=10#breadcrumb\"},\"inLanguage\":\"fr-FR\",\"potentialAction\":[{\"@type\":\"ReadAction\",\"target\":[\"https:\\\/\\\/diplomatis.fr\\\/?page_id=10\"]}]},{\"@type\":\"ImageObject\",\"inLanguage\":\"fr-FR\",\"@id\":\"https:\\\/\\\/diplomatis.fr\\\/?page_id=10#primaryimage\",\"url\":\"https:\\\/\\\/diplomatis.fr\\\/wp-content\\\/uploads\\\/2023\\\/08\\\/earth-3866609_1920.jpg\",\"contentUrl\":\"https:\\\/\\\/diplomatis.fr\\\/wp-content\\\/uploads\\\/2023\\\/08\\\/earth-3866609_1920.jpg\",\"width\":1920,\"height\":950},{\"@type\":\"BreadcrumbList\",\"@id\":\"https:\\\/\\\/diplomatis.fr\\\/?page_id=10#breadcrumb\",\"itemListElement\":[{\"@type\":\"ListItem\",\"position\":1,\"name\":\"Accueil\",\"item\":\"https:\\\/\\\/diplomatis.fr\\\/\"},{\"@type\":\"ListItem\",\"position\":2,\"name\":\"A propos\"}]},{\"@type\":\"WebSite\",\"@id\":\"https:\\\/\\\/diplomatis.fr\\\/#website\",\"url\":\"https:\\\/\\\/diplomatis.fr\\\/\",\"name\":\"Diplomatis\",\"description\":\"Comprendre le monde ! \",\"publisher\":{\"@id\":\"https:\\\/\\\/diplomatis.fr\\\/#organization\"},\"potentialAction\":[{\"@type\":\"SearchAction\",\"target\":{\"@type\":\"EntryPoint\",\"urlTemplate\":\"https:\\\/\\\/diplomatis.fr\\\/?s={search_term_string}\"},\"query-input\":{\"@type\":\"PropertyValueSpecification\",\"valueRequired\":true,\"valueName\":\"search_term_string\"}}],\"inLanguage\":\"fr-FR\"},{\"@type\":\"Organization\",\"@id\":\"https:\\\/\\\/diplomatis.fr\\\/#organization\",\"name\":\"Diplomatis\",\"url\":\"https:\\\/\\\/diplomatis.fr\\\/\",\"logo\":{\"@type\":\"ImageObject\",\"inLanguage\":\"fr-FR\",\"@id\":\"https:\\\/\\\/diplomatis.fr\\\/#\\\/schema\\\/logo\\\/image\\\/\",\"url\":\"https:\\\/\\\/diplomatis.fr\\\/wp-content\\\/uploads\\\/2023\\\/06\\\/cropped-cropped-DIPLOMATIS.jpg\",\"contentUrl\":\"https:\\\/\\\/diplomatis.fr\\\/wp-content\\\/uploads\\\/2023\\\/06\\\/cropped-cropped-DIPLOMATIS.jpg\",\"width\":512,\"height\":512,\"caption\":\"Diplomatis\"},\"image\":{\"@id\":\"https:\\\/\\\/diplomatis.fr\\\/#\\\/schema\\\/logo\\\/image\\\/\"}}]}<\/script>\n<!-- \/ Yoast SEO plugin. -->","yoast_head_json":{"title":"A propos - Diplomatis","robots":{"index":"index","follow":"follow","max-snippet":"max-snippet:-1","max-image-preview":"max-image-preview:large","max-video-preview":"max-video-preview:-1"},"canonical":"https:\/\/diplomatis.fr\/?page_id=10","og_locale":"fr_FR","og_type":"article","og_title":"A propos - Diplomatis","og_description":"La cr\u00e9ation de Diplomatis prend sa source dans la volont\u00e9 de mieux comprendre le monde. Notre objectif est de proposer des analyses, ainsi que des propositions, sur les relations internationales. Ces derni\u00e8res incluant une kyrielle d&rsquo;acteurs dont les enjeux peuvent s&rsquo;affronter, ou converger, sur des espaces g\u00e9ographiques divers. Par cela, au travers des diverses d\u00e9clinaisons &hellip; Lire la suite de\u00ab\u00a0A propos\u00a0\u00bb","og_url":"https:\/\/diplomatis.fr\/?page_id=10","og_site_name":"Diplomatis","article_modified_time":"2024-09-04T18:56:28+00:00","og_image":[{"url":"https:\/\/diplomatis.fr\/wp-content\/uploads\/2023\/08\/earth-3866609_1920-1024x507.jpg","type":"","width":"","height":""}],"twitter_card":"summary_large_image","twitter_misc":{"Dur\u00e9e de lecture estim\u00e9e":"1 minute"},"schema":{"@context":"https:\/\/schema.org","@graph":[{"@type":"WebPage","@id":"https:\/\/diplomatis.fr\/?page_id=10","url":"https:\/\/diplomatis.fr\/?page_id=10","name":"A propos - Diplomatis","isPartOf":{"@id":"https:\/\/diplomatis.fr\/#website"},"primaryImageOfPage":{"@id":"https:\/\/diplomatis.fr\/?page_id=10#primaryimage"},"image":{"@id":"https:\/\/diplomatis.fr\/?page_id=10#primaryimage"},"thumbnailUrl":"https:\/\/diplomatis.fr\/wp-content\/uploads\/2023\/08\/earth-3866609_1920-1024x507.jpg","datePublished":"2023-04-27T11:33:24+00:00","dateModified":"2024-09-04T18:56:28+00:00","breadcrumb":{"@id":"https:\/\/diplomatis.fr\/?page_id=10#breadcrumb"},"inLanguage":"fr-FR","potentialAction":[{"@type":"ReadAction","target":["https:\/\/diplomatis.fr\/?page_id=10"]}]},{"@type":"ImageObject","inLanguage":"fr-FR","@id":"https:\/\/diplomatis.fr\/?page_id=10#primaryimage","url":"https:\/\/diplomatis.fr\/wp-content\/uploads\/2023\/08\/earth-3866609_1920.jpg","contentUrl":"https:\/\/diplomatis.fr\/wp-content\/uploads\/2023\/08\/earth-3866609_1920.jpg","width":1920,"height":950},{"@type":"BreadcrumbList","@id":"https:\/\/diplomatis.fr\/?page_id=10#breadcrumb","itemListElement":[{"@type":"ListItem","position":1,"name":"Accueil","item":"https:\/\/diplomatis.fr\/"},{"@type":"ListItem","position":2,"name":"A propos"}]},{"@type":"WebSite","@id":"https:\/\/diplomatis.fr\/#website","url":"https:\/\/diplomatis.fr\/","name":"Diplomatis","description":"Comprendre le monde ! ","publisher":{"@id":"https:\/\/diplomatis.fr\/#organization"},"potentialAction":[{"@type":"SearchAction","target":{"@type":"EntryPoint","urlTemplate":"https:\/\/diplomatis.fr\/?s={search_term_string}"},"query-input":{"@type":"PropertyValueSpecification","valueRequired":true,"valueName":"search_term_string"}}],"inLanguage":"fr-FR"},{"@type":"Organization","@id":"https:\/\/diplomatis.fr\/#organization","name":"Diplomatis","url":"https:\/\/diplomatis.fr\/","logo":{"@type":"ImageObject","inLanguage":"fr-FR","@id":"https:\/\/diplomatis.fr\/#\/schema\/logo\/image\/","url":"https:\/\/diplomatis.fr\/wp-content\/uploads\/2023\/06\/cropped-cropped-DIPLOMATIS.jpg","contentUrl":"https:\/\/diplomatis.fr\/wp-content\/uploads\/2023\/06\/cropped-cropped-DIPLOMATIS.jpg","width":512,"height":512,"caption":"Diplomatis"},"image":{"@id":"https:\/\/diplomatis.fr\/#\/schema\/logo\/image\/"}}]}},"_links":{"self":[{"href":"https:\/\/diplomatis.fr\/index.php?rest_route=\/wp\/v2\/pages\/10","targetHints":{"allow":["GET"]}}],"collection":[{"href":"https:\/\/diplomatis.fr\/index.php?rest_route=\/wp\/v2\/pages"}],"about":[{"href":"https:\/\/diplomatis.fr\/index.php?rest_route=\/wp\/v2\/types\/page"}],"author":[{"embeddable":true,"href":"https:\/\/diplomatis.fr\/index.php?rest_route=\/wp\/v2\/users\/1"}],"replies":[{"embeddable":true,"href":"https:\/\/diplomatis.fr\/index.php?rest_route=%2Fwp%2Fv2%2Fcomments&post=10"}],"version-history":[{"count":16,"href":"https:\/\/diplomatis.fr\/index.php?rest_route=\/wp\/v2\/pages\/10\/revisions"}],"predecessor-version":[{"id":1680,"href":"https:\/\/diplomatis.fr\/index.php?rest_route=\/wp\/v2\/pages\/10\/revisions\/1680"}],"wp:attachment":[{"href":"https:\/\/diplomatis.fr\/index.php?rest_route=%2Fwp%2Fv2%2Fmedia&parent=10"}],"curies":[{"name":"wp","href":"https:\/\/api.w.org\/{rel}","templated":true}]}}